{"id":4381,"date":"2021-09-23T10:24:57","date_gmt":"2021-09-23T08:24:57","guid":{"rendered":"https:\/\/192.168.121.188\/?page_id=4381"},"modified":"2025-06-11T15:38:22","modified_gmt":"2025-06-11T13:38:22","slug":"anfahrt","status":"publish","type":"page","link":"https:\/\/bionik.hs-bremen.de\/en\/anfahrt\/","title":{"rendered":"Contact and directions"},"content":{"rendered":"<div data-elementor-type=\"wp-page\" data-elementor-id=\"4381\" class=\"elementor elementor-4381\">\n\t\t\t\t\t\t<section class=\"elementor-section elementor-top-section elementor-element elementor-element-2dcf9db1 elementor-section-boxed elementor-section-height-default elementor-section-height-default\" data-id=\"2dcf9db1\" data-element_type=\"section\" data-e-type=\"section\" id=\"anfang\" data-settings=\"{&quot;_ha_eqh_enable&quot;:false}\">\n\t\t\t\t\t\t<div class=\"elementor-container elementor-column-gap-default\">\n\t\t\t\t\t<div class=\"elementor-column elementor-col-100 elementor-top-column elementor-element elementor-element-4baa644a\" data-id=\"4baa644a\" data-element_type=\"column\" data-e-type=\"column\">\n\t\t\t<div class=\"elementor-widget-wrap elementor-element-populated\">\n\t\t\t\t\t\t<div class=\"elementor-element elementor-element-30975e61 elementor-widget elementor-widget-heading\" data-id=\"30975e61\" data-element_type=\"widget\" data-e-type=\"widget\" data-widget_type=\"heading.default\">\n\t\t\t\t<div class=\"elementor-widget-container\">\n\t\t\t\t\t<h1 class=\"elementor-heading-title elementor-size-default\">Kontakt<\/h1>\t\t\t\t<\/div>\n\t\t\t\t<\/div>\n\t\t\t\t\t<\/div>\n\t\t<\/div>\n\t\t\t\t\t<\/div>\n\t\t<\/section>\n\t\t\t\t<section class=\"elementor-section elementor-top-section elementor-element elementor-element-1db1047 elementor-section-boxed elementor-section-height-default elementor-section-height-default\" data-id=\"1db1047\" data-element_type=\"section\" data-e-type=\"section\" data-settings=\"{&quot;_ha_eqh_enable&quot;:false}\">\n\t\t\t\t\t\t<div class=\"elementor-container elementor-column-gap-default\">\n\t\t\t\t\t<div class=\"elementor-column elementor-col-33 elementor-top-column elementor-element elementor-element-c0d2a17\" data-id=\"c0d2a17\" data-element_type=\"column\" data-e-type=\"column\">\n\t\t\t<div class=\"elementor-widget-wrap elementor-element-populated\">\n\t\t\t\t\t\t<div class=\"elementor-element elementor-element-0d8eb1a elementor-widget elementor-widget-text-editor\" data-id=\"0d8eb1a\" data-element_type=\"widget\" data-e-type=\"widget\" data-widget_type=\"text-editor.default\">\n\t\t\t\t<div class=\"elementor-widget-container\">\n\t\t\t\t\t\t\t\t\t<p>Generell k\u00f6nnen Sie bei Interesse jedes <a href=\"https:\/\/bionik.hs-bremen.de\/en\/?page_id=4380\">Team<\/a>-Mitglied kontaktieren.\u00a0<\/p><p>Bei Fragen zu den <a href=\"https:\/\/bionik.hs-bremen.de\/en\/?page_id=4245\">Studieng\u00e4ngen<\/a> oder dem <a href=\"https:\/\/bionik.hs-bremen.de\/en\/?page_id=4590\">Biomimetics-Innovation-Centre<\/a> wenden Sie sich bitte direkt an die Studiengangs- und B-I-C-Leitung <a href=\"https:\/\/bionik.hs-bremen.de\/en\/?page_id=4380\/#akesel\">Prof. Dr. Kesel<\/a>.\u00a0<\/p>\t\t\t\t\t\t\t\t<\/div>\n\t\t\t\t<\/div>\n\t\t\t\t<div class=\"elementor-element elementor-element-5c30a26 elementor-widget elementor-widget-image\" data-id=\"5c30a26\" data-element_type=\"widget\" data-e-type=\"widget\" data-widget_type=\"image.default\">\n\t\t\t\t<div class=\"elementor-widget-container\">\n\t\t\t\t\t\t\t\t\t\t\t\t\t\t\t<img fetchpriority=\"high\" decoding=\"async\" width=\"800\" height=\"752\" src=\"https:\/\/bionik.hs-bremen.de\/wp-content\/uploads\/2021\/12\/HKS_Gebaeude_LKW_retouschiert_Quadrat-1024x963.jpg\" class=\"attachment-large size-large wp-image-6091\" alt=\"\" srcset=\"https:\/\/bionik.hs-bremen.de\/wp-content\/uploads\/2021\/12\/HKS_Gebaeude_LKW_retouschiert_Quadrat-1024x963.jpg 1024w, https:\/\/bionik.hs-bremen.de\/wp-content\/uploads\/2021\/12\/HKS_Gebaeude_LKW_retouschiert_Quadrat-300x282.jpg 300w, https:\/\/bionik.hs-bremen.de\/wp-content\/uploads\/2021\/12\/HKS_Gebaeude_LKW_retouschiert_Quadrat-768x722.jpg 768w, https:\/\/bionik.hs-bremen.de\/wp-content\/uploads\/2021\/12\/HKS_Gebaeude_LKW_retouschiert_Quadrat-1536x1444.jpg 1536w, https:\/\/bionik.hs-bremen.de\/wp-content\/uploads\/2021\/12\/HKS_Gebaeude_LKW_retouschiert_Quadrat-2048x1925.jpg 2048w\" sizes=\"(max-width: 800px) 100vw, 800px\" \/>\t\t\t\t\t\t\t\t\t\t\t\t\t\t\t<\/div>\n\t\t\t\t<\/div>\n\t\t\t\t\t<\/div>\n\t\t<\/div>\n\t\t\t\t<div class=\"elementor-column elementor-col-33 elementor-top-column elementor-element elementor-element-152f560\" data-id=\"152f560\" data-element_type=\"column\" data-e-type=\"column\">\n\t\t\t<div class=\"elementor-widget-wrap\">\n\t\t\t\t\t\t\t<\/div>\n\t\t<\/div>\n\t\t\t\t<div class=\"elementor-column elementor-col-33 elementor-top-column elementor-element elementor-element-f27297b\" data-id=\"f27297b\" data-element_type=\"column\" data-e-type=\"column\">\n\t\t\t<div class=\"elementor-widget-wrap elementor-element-populated\">\n\t\t\t\t\t\t<div class=\"elementor-element elementor-element-cf5f15e ha-has-bg-overlay elementor-widget elementor-widget-text-editor\" data-id=\"cf5f15e\" data-element_type=\"widget\" data-e-type=\"widget\" data-widget_type=\"text-editor.default\">\n\t\t\t\t<div class=\"elementor-widget-container\">\n\t\t\t\t\t\t\t\t\t<p><span style=\"color: #ff6600;\"><strong>Postanschrift:<\/strong><\/span><\/p><p>Bremen University of Applied Sciences<br \/>Fachrichtung Bionik<br \/>Neustadtswall 30<br \/>D-28199 Bremen<\/p>\t\t\t\t\t\t\t\t<\/div>\n\t\t\t\t<\/div>\n\t\t\t\t<div class=\"elementor-element elementor-element-31cc884 ha-has-bg-overlay elementor-widget elementor-widget-text-editor\" data-id=\"31cc884\" data-element_type=\"widget\" data-e-type=\"widget\" data-widget_type=\"text-editor.default\">\n\t\t\t\t<div class=\"elementor-widget-container\">\n\t\t\t\t\t\t\t\t\t<span style=\"color: #ff6600;\"><strong>Besucheradresse:<\/strong><\/span>\n <\/br> <\/br>\nHermann-K\u00f6hl-Stra\u00dfe 1 <\/br>\n\n28199 Bremen\t\t\t\t\t\t\t\t<\/div>\n\t\t\t\t<\/div>\n\t\t\t\t<div class=\"elementor-element elementor-element-a8d6ee7 ha-has-bg-overlay elementor-widget elementor-widget-text-editor\" data-id=\"a8d6ee7\" data-element_type=\"widget\" data-e-type=\"widget\" data-widget_type=\"text-editor.default\">\n\t\t\t\t<div class=\"elementor-widget-container\">\n\t\t\t\t\t\t\t\t\t<p style=\"color: rgb(0, 0, 0); font-weight: 400;\"><span style=\"color: rgb(255, 102, 0);\"><span style=\"font-weight: bolder;\">Weitere Kontaktm\u00f6glichkeiten:&nbsp;<\/span><\/span><\/p><p style=\"color: rgb(0, 0, 0); font-weight: 400;\"><span style=\"font-weight: bolder;\">Telefon:<\/span>&nbsp;+49 421 5905 2525<br><span style=\"font-weight: bolder;\">Fax:<\/span>&nbsp;+49 421 5905 2537<\/p><p style=\"color: rgb(0, 0, 0); font-weight: 400;\"><span style=\"font-weight: bolder;\">Email:<\/span>&nbsp; &nbsp;&nbsp;info-bionik@hs-bremen.de<br><span style=\"font-weight: bolder;\">Web:<\/span>&nbsp; &nbsp; &nbsp; www.bionik-bremen.de<\/p>\t\t\t\t\t\t\t\t<\/div>\n\t\t\t\t<\/div>\n\t\t\t\t\t<\/div>\n\t\t<\/div>\n\t\t\t\t\t<\/div>\n\t\t<\/section>\n\t\t\t\t<section class=\"elementor-section elementor-top-section elementor-element elementor-element-7c3423ad elementor-section-boxed elementor-section-height-default elementor-section-height-default\" data-id=\"7c3423ad\" data-element_type=\"section\" data-e-type=\"section\" data-settings=\"{&quot;_ha_eqh_enable&quot;:false}\">\n\t\t\t\t\t\t<div class=\"elementor-container elementor-column-gap-default\">\n\t\t\t\t\t<div class=\"elementor-column elementor-col-100 elementor-top-column elementor-element elementor-element-5c4523ca\" data-id=\"5c4523ca\" data-element_type=\"column\" data-e-type=\"column\">\n\t\t\t<div class=\"elementor-widget-wrap elementor-element-populated\">\n\t\t\t\t\t\t<div class=\"elementor-element elementor-element-61c7987d elementor-widget elementor-widget-heading\" data-id=\"61c7987d\" data-element_type=\"widget\" data-e-type=\"widget\" data-widget_type=\"heading.default\">\n\t\t\t\t<div class=\"elementor-widget-container\">\n\t\t\t\t\t<h2 class=\"elementor-heading-title elementor-size-default\">ANFAHRT<\/h2>\t\t\t\t<\/div>\n\t\t\t\t<\/div>\n\t\t\t\t\t<\/div>\n\t\t<\/div>\n\t\t\t\t\t<\/div>\n\t\t<\/section>\n\t\t\t\t<section class=\"elementor-section elementor-top-section elementor-element elementor-element-cb0d9b1 elementor-section-boxed elementor-section-height-default elementor-section-height-default\" data-id=\"cb0d9b1\" data-element_type=\"section\" data-e-type=\"section\" data-settings=\"{&quot;_ha_eqh_enable&quot;:false}\">\n\t\t\t\t\t\t<div class=\"elementor-container elementor-column-gap-default\">\n\t\t\t\t\t<div class=\"elementor-column elementor-col-33 elementor-top-column elementor-element elementor-element-620e953\" data-id=\"620e953\" data-element_type=\"column\" data-e-type=\"column\">\n\t\t\t<div class=\"elementor-widget-wrap elementor-element-populated\">\n\t\t\t\t\t\t<div class=\"elementor-element elementor-element-24dec11 elementor-widget elementor-widget-text-editor\" data-id=\"24dec11\" data-element_type=\"widget\" data-e-type=\"widget\" data-widget_type=\"text-editor.default\">\n\t\t\t\t<div class=\"elementor-widget-container\">\n\t\t\t\t\t\t\t\t\t<p>Das <a href=\"https:\/\/bionik.hs-bremen.de\/en\/?page_id=4245\">Studienprogramm Bionik<\/a> und das\u00a0<a href=\"https:\/\/bionik.hs-bremen.de\/en\/?page_id=4590\">Biomimetics-Innovation-Centre<\/a> der Hochschule Bremen finden Sie in der N\u00e4he des Flughafens Bremen in der 4. und 5. Etage des Geb\u00e4udes (Abk\u00fcrzung: HK) mit der Adresse:<\/p><p>\u00a0 \u00a0 \u00a0 \u00a0<span style=\"color: #ff6600;\">Hermann-K\u00f6hl-Stra\u00dfe 1<\/span><br \/><span style=\"color: #ff6600;\">\u00a0 \u00a0 \u00a0 \u00a028199 Bremen<\/span><\/p><p>Hier befinden sich\u00a0auch die gro\u00dfen Seminarr\u00e4ume und viele der Vorlesungen der Bionik-Studieng\u00e4nge werden hier gehalten. Ebenfalls vor Ort sind einige <a href=\"https:\/\/bionik.hs-bremen.de\/en\/?page_id=5323\">Labore<\/a> (z.B.\u00a0EDV, 3-D Druckstra\u00dfe). Andere Labore (z.B. der AG Werkstoffe oder der gro\u00dfe Windkanal) sind in den <a href=\"https:\/\/www.hs-bremen.de\/raumfinder\/\">Geb\u00e4uden der Hochschule Bremen am Neustadtswall<\/a> untergebracht.<\/p>\t\t\t\t\t\t\t\t<\/div>\n\t\t\t\t<\/div>\n\t\t\t\t\t<\/div>\n\t\t<\/div>\n\t\t\t\t<div class=\"elementor-column elementor-col-33 elementor-top-column elementor-element elementor-element-9a43c57\" data-id=\"9a43c57\" data-element_type=\"column\" data-e-type=\"column\">\n\t\t\t<div class=\"elementor-widget-wrap\">\n\t\t\t\t\t\t\t<\/div>\n\t\t<\/div>\n\t\t\t\t<div class=\"elementor-column elementor-col-33 elementor-top-column elementor-element elementor-element-df7e9d3\" data-id=\"df7e9d3\" data-element_type=\"column\" data-e-type=\"column\">\n\t\t\t<div class=\"elementor-widget-wrap elementor-element-populated\">\n\t\t\t\t\t\t<div class=\"elementor-element elementor-element-80bc12d elementor-widget elementor-widget-spacer\" data-id=\"80bc12d\" data-element_type=\"widget\" data-e-type=\"widget\" data-widget_type=\"spacer.default\">\n\t\t\t\t<div class=\"elementor-widget-container\">\n\t\t\t\t\t\t\t<div class=\"elementor-spacer\">\n\t\t\t<div class=\"elementor-spacer-inner\"><\/div>\n\t\t<\/div>\n\t\t\t\t\t\t<\/div>\n\t\t\t\t<\/div>\n\t\t\t\t<div class=\"elementor-element elementor-element-0789fc3 elementor-widget elementor-widget-google_maps\" data-id=\"0789fc3\" data-element_type=\"widget\" data-e-type=\"widget\" data-widget_type=\"google_maps.default\">\n\t\t\t\t<div class=\"elementor-widget-container\">\n\t\t\t\t\t\t\t<div class=\"elementor-custom-embed\">\n\t\t\t<iframe loading=\"lazy\"\n\t\t\t\t\tsrc=\"https:\/\/maps.google.com\/maps?q=Bionik-Innovations-Centrum%2C%20Bremen&#038;t=m&#038;z=15&#038;output=embed&#038;iwloc=near\"\n\t\t\t\t\ttitle=\"Bionik-Innovations-Centrum, Bremen\"\n\t\t\t\t\taria-label=\"Bionik-Innovations-Centrum, Bremen\"\n\t\t\t><\/iframe>\n\t\t<\/div>\n\t\t\t\t\t\t<\/div>\n\t\t\t\t<\/div>\n\t\t\t\t\t<\/div>\n\t\t<\/div>\n\t\t\t\t\t<\/div>\n\t\t<\/section>\n\t\t\t\t<section class=\"elementor-section elementor-top-section elementor-element elementor-element-1f9da509 elementor-section-boxed elementor-section-height-default elementor-section-height-default\" data-id=\"1f9da509\" data-element_type=\"section\" data-e-type=\"section\" data-settings=\"{&quot;_ha_eqh_enable&quot;:false}\">\n\t\t\t\t\t\t<div class=\"elementor-container elementor-column-gap-default\">\n\t\t\t\t\t<div class=\"elementor-column elementor-col-100 elementor-top-column elementor-element elementor-element-3c1e868d\" data-id=\"3c1e868d\" data-element_type=\"column\" data-e-type=\"column\">\n\t\t\t<div class=\"elementor-widget-wrap elementor-element-populated\">\n\t\t\t\t\t\t<div class=\"elementor-element elementor-element-700dc075 elementor-widget elementor-widget-spacer\" data-id=\"700dc075\" data-element_type=\"widget\" data-e-type=\"widget\" data-widget_type=\"spacer.default\">\n\t\t\t\t<div class=\"elementor-widget-container\">\n\t\t\t\t\t\t\t<div class=\"elementor-spacer\">\n\t\t\t<div class=\"elementor-spacer-inner\"><\/div>\n\t\t<\/div>\n\t\t\t\t\t\t<\/div>\n\t\t\t\t<\/div>\n\t\t\t\t<section class=\"elementor-section elementor-inner-section elementor-element elementor-element-48c0b55c elementor-hidden-desktop elementor-hidden-mobile elementor-section-boxed elementor-section-height-default elementor-section-height-default\" data-id=\"48c0b55c\" data-element_type=\"section\" data-e-type=\"section\" data-settings=\"{&quot;_ha_eqh_enable&quot;:false}\">\n\t\t\t\t\t\t<div class=\"elementor-container elementor-column-gap-default\">\n\t\t\t\t\t<div class=\"elementor-column elementor-col-50 elementor-inner-column elementor-element elementor-element-52a82c70\" data-id=\"52a82c70\" data-element_type=\"column\" data-e-type=\"column\">\n\t\t\t<div class=\"elementor-widget-wrap elementor-element-populated\">\n\t\t\t\t\t\t<div class=\"elementor-element elementor-element-1b4989ac elementor-align-left elementor-widget elementor-widget-button\" data-id=\"1b4989ac\" data-element_type=\"widget\" data-e-type=\"widget\" data-widget_type=\"button.default\">\n\t\t\t\t<div class=\"elementor-widget-container\">\n\t\t\t\t\t\t\t\t\t<div class=\"elementor-button-wrapper\">\n\t\t\t\t\t<a class=\"elementor-button elementor-button-link elementor-size-sm\" href=\"https:\/\/bionik.hs-bremen.de\/en\/?page_id=8906\/#anfang\">\n\t\t\t\t\t\t<span class=\"elementor-button-content-wrapper\">\n\t\t\t\t\t\t\t\t\t<span class=\"elementor-button-text\">Top of page<\/span>\n\t\t\t\t\t<\/span>\n\t\t\t\t\t<\/a>\n\t\t\t\t<\/div>\n\t\t\t\t\t\t\t\t<\/div>\n\t\t\t\t<\/div>\n\t\t\t\t<div class=\"elementor-element elementor-element-35b343ac elementor-widget elementor-widget-html\" data-id=\"35b343ac\" data-element_type=\"widget\" data-e-type=\"widget\" data-widget_type=\"html.default\">\n\t\t\t\t<div class=\"elementor-widget-container\">\n\t\t\t\t\t<button onclick=\"goBack()\">Previous page<\/button>\r\n\r\n<script>\r\nfunction goBack() {\r\n  window.history.back();\r\n}\r\n<\/script> \t\t\t\t<\/div>\n\t\t\t\t<\/div>\n\t\t\t\t\t<\/div>\n\t\t<\/div>\n\t\t\t\t<div class=\"elementor-column elementor-col-50 elementor-inner-column elementor-element elementor-element-235d593e\" data-id=\"235d593e\" data-element_type=\"column\" data-e-type=\"column\">\n\t\t\t<div class=\"elementor-widget-wrap\">\n\t\t\t\t\t\t\t<\/div>\n\t\t<\/div>\n\t\t\t\t\t<\/div>\n\t\t<\/section>\n\t\t\t\t<section class=\"elementor-section elementor-inner-section elementor-element elementor-element-5b5740a0 elementor-hidden-tablet elementor-section-boxed elementor-section-height-default elementor-section-height-default\" data-id=\"5b5740a0\" data-element_type=\"section\" data-e-type=\"section\" data-settings=\"{&quot;_ha_eqh_enable&quot;:false}\">\n\t\t\t\t\t\t<div class=\"elementor-container elementor-column-gap-default\">\n\t\t\t\t\t<div class=\"elementor-column elementor-col-33 elementor-inner-column elementor-element elementor-element-2c4fecc\" data-id=\"2c4fecc\" data-element_type=\"column\" data-e-type=\"column\">\n\t\t\t<div class=\"elementor-widget-wrap\">\n\t\t\t\t\t\t\t<\/div>\n\t\t<\/div>\n\t\t\t\t<div class=\"elementor-column elementor-col-33 elementor-inner-column elementor-element elementor-element-557530c1\" data-id=\"557530c1\" data-element_type=\"column\" data-e-type=\"column\">\n\t\t\t<div class=\"elementor-widget-wrap elementor-element-populated\">\n\t\t\t\t\t\t<div class=\"elementor-element elementor-element-7798b42e elementor-align-left elementor-widget elementor-widget-button\" data-id=\"7798b42e\" data-element_type=\"widget\" data-e-type=\"widget\" data-widget_type=\"button.default\">\n\t\t\t\t<div class=\"elementor-widget-container\">\n\t\t\t\t\t\t\t\t\t<div class=\"elementor-button-wrapper\">\n\t\t\t\t\t<a class=\"elementor-button elementor-button-link elementor-size-sm\" href=\"https:\/\/bionik.hs-bremen.de\/en\/?page_id=4381\/#anfang\">\n\t\t\t\t\t\t<span class=\"elementor-button-content-wrapper\">\n\t\t\t\t\t\t\t\t\t<span class=\"elementor-button-text\">Top of page<\/span>\n\t\t\t\t\t<\/span>\n\t\t\t\t\t<\/a>\n\t\t\t\t<\/div>\n\t\t\t\t\t\t\t\t<\/div>\n\t\t\t\t<\/div>\n\t\t\t\t\t<\/div>\n\t\t<\/div>\n\t\t\t\t<div class=\"elementor-column elementor-col-33 elementor-inner-column elementor-element elementor-element-3c2925c7\" data-id=\"3c2925c7\" data-element_type=\"column\" data-e-type=\"column\">\n\t\t\t<div class=\"elementor-widget-wrap elementor-element-populated\">\n\t\t\t\t\t\t<div class=\"elementor-element elementor-element-39228986 elementor-widget elementor-widget-html\" data-id=\"39228986\" data-element_type=\"widget\" data-e-type=\"widget\" data-widget_type=\"html.default\">\n\t\t\t\t<div class=\"elementor-widget-container\">\n\t\t\t\t\t<button onclick=\"goBack()\">Previous page<\/button>\r\n\r\n<script>\r\nfunction goBack() {\r\n  window.history.back();\r\n}\r\n<\/script> \t\t\t\t<\/div>\n\t\t\t\t<\/div>\n\t\t\t\t\t<\/div>\n\t\t<\/div>\n\t\t\t\t\t<\/div>\n\t\t<\/section>\n\t\t\t\t<div class=\"elementor-element elementor-element-5d2ff667 elementor-widget elementor-widget-spacer\" data-id=\"5d2ff667\" data-element_type=\"widget\" data-e-type=\"widget\" data-widget_type=\"spacer.default\">\n\t\t\t\t<div class=\"elementor-widget-container\">\n\t\t\t\t\t\t\t<div class=\"elementor-spacer\">\n\t\t\t<div class=\"elementor-spacer-inner\"><\/div>\n\t\t<\/div>\n\t\t\t\t\t\t<\/div>\n\t\t\t\t<\/div>\n\t\t\t\t\t<\/div>\n\t\t<\/div>\n\t\t\t\t\t<\/div>\n\t\t<\/section>\n\t\t\t\t<\/div>","protected":false},"excerpt":{"rendered":"<p>Das Studienprogramm Bionik und das Bionik-Innovations-Centrum der Hochschule Bremen finden Sie (mit Ausnahme einiger Labore) in der N\u00e4he des Flughafens Bremen:<\/p>\n<p>       Hermann-K\u00f6hl-Stra\u00dfe 1<br \/>\n       28199 Bremen<\/p>","protected":false},"author":7,"featured_media":0,"parent":0,"menu_order":0,"comment_status":"closed","ping_status":"closed","template":"","meta":{"_seopress_robots_primary_cat":"","_seopress_titles_title":"","_seopress_titles_desc":"","_seopress_robots_index":"","footnotes":""},"folder":[83],"class_list":["post-4381","page","type-page","status-publish","hentry"],"_links":{"self":[{"href":"https:\/\/bionik.hs-bremen.de\/en\/wp-json\/wp\/v2\/pages\/4381","targetHints":{"allow":["GET"]}}],"collection":[{"href":"https:\/\/bionik.hs-bremen.de\/en\/wp-json\/wp\/v2\/pages"}],"about":[{"href":"https:\/\/bionik.hs-bremen.de\/en\/wp-json\/wp\/v2\/types\/page"}],"author":[{"embeddable":true,"href":"https:\/\/bionik.hs-bremen.de\/en\/wp-json\/wp\/v2\/users\/7"}],"replies":[{"embeddable":true,"href":"https:\/\/bionik.hs-bremen.de\/en\/wp-json\/wp\/v2\/comments?post=4381"}],"version-history":[{"count":4,"href":"https:\/\/bionik.hs-bremen.de\/en\/wp-json\/wp\/v2\/pages\/4381\/revisions"}],"predecessor-version":[{"id":18629,"href":"https:\/\/bionik.hs-bremen.de\/en\/wp-json\/wp\/v2\/pages\/4381\/revisions\/18629"}],"wp:attachment":[{"href":"https:\/\/bionik.hs-bremen.de\/en\/wp-json\/wp\/v2\/media?parent=4381"}],"wp:term":[{"taxonomy":"folder","embeddable":true,"href":"https:\/\/bionik.hs-bremen.de\/en\/wp-json\/wp\/v2\/folder?post=4381"}],"curies":[{"name":"wp","href":"https:\/\/api.w.org\/{rel}","templated":true}]}}